{"id":164,"date":"2018-08-14T00:12:50","date_gmt":"2018-08-13T22:12:50","guid":{"rendered":"http:\/\/patriciocosentino.com\/?page_id=164"},"modified":"2025-03-31T17:25:06","modified_gmt":"2025-03-31T15:25:06","slug":"bio","status":"publish","type":"page","link":"https:\/\/patriciocosentino.com\/de\/bio\/","title":{"rendered":"BIO"},"content":{"rendered":"\t\t<div data-elementor-type=\"wp-post\" data-elementor-id=\"164\" class=\"elementor elementor-164\">\n\t\t\t\t\t\t<section class=\"elementor-section elementor-top-section elementor-element elementor-element-23e8c98 elementor-section-boxed elementor-section-height-default elementor-section-height-default wpr-particle-no wpr-jarallax-no wpr-parallax-no wpr-sticky-section-no\" data-id=\"23e8c98\" data-element_type=\"section\" data-e-type=\"section\" data-settings=\"{&quot;background_background&quot;:&quot;gradient&quot;}\">\n\t\t\t\t\t\t<div class=\"elementor-container elementor-column-gap-default\">\n\t\t\t\t\t<div class=\"elementor-column elementor-col-100 elementor-top-column elementor-element elementor-element-547b6b4\" data-id=\"547b6b4\" data-element_type=\"column\" data-e-type=\"column\">\n\t\t\t<div class=\"elementor-widget-wrap elementor-element-populated\">\n\t\t\t\t\t\t<div class=\"elementor-element elementor-element-a057b8e elementor-widget elementor-widget-spacer\" data-id=\"a057b8e\" data-element_type=\"widget\" data-e-type=\"widget\" data-widget_type=\"spacer.default\">\n\t\t\t\t<div class=\"elementor-widget-container\">\n\t\t\t\t\t\t\t<div class=\"elementor-spacer\">\n\t\t\t<div class=\"elementor-spacer-inner\"><\/div>\n\t\t<\/div>\n\t\t\t\t\t\t<\/div>\n\t\t\t\t<\/div>\n\t\t\t\t\t<\/div>\n\t\t<\/div>\n\t\t\t\t\t<\/div>\n\t\t<\/section>\n\t\t\t\t<section class=\"elementor-section elementor-top-section elementor-element elementor-element-f2549a0 elementor-section-full_width elementor-section-height-default elementor-section-height-default wpr-particle-no wpr-jarallax-no wpr-parallax-no wpr-sticky-section-no\" data-id=\"f2549a0\" data-element_type=\"section\" data-e-type=\"section\" data-settings=\"{&quot;background_background&quot;:&quot;classic&quot;}\">\n\t\t\t\t\t\t<div class=\"elementor-container elementor-column-gap-default\">\n\t\t\t\t\t<div class=\"elementor-column elementor-col-33 elementor-top-column elementor-element elementor-element-fda91c1\" data-id=\"fda91c1\" data-element_type=\"column\" data-e-type=\"column\">\n\t\t\t<div class=\"elementor-widget-wrap\">\n\t\t\t\t\t\t\t<\/div>\n\t\t<\/div>\n\t\t\t\t<div class=\"elementor-column elementor-col-33 elementor-top-column elementor-element elementor-element-a9acbe5\" data-id=\"a9acbe5\" data-element_type=\"column\" data-e-type=\"column\">\n\t\t\t<div class=\"elementor-widget-wrap elementor-element-populated\">\n\t\t\t\t\t\t<div class=\"elementor-element elementor-element-e17d197 elementor-widget__width-inherit elementor-widget-tablet__width-initial elementor-widget elementor-widget-text-editor\" data-id=\"e17d197\" data-element_type=\"widget\" data-e-type=\"widget\" data-widget_type=\"text-editor.default\">\n\t\t\t\t<div class=\"elementor-widget-container\">\n\t\t\t\t\t\t\t\t\t<p><span style=\"font-weight: 400;\">One of the few tuba players in the world to commit to a full-time solo career, Patricio Cosentino also stands out for his work as a chamber musician, conductor, and educator. His career reflects an unwavering commitment to the promotion and appreciation of Latin American music, as well as the expansion of the tuba repertoire on major stages in America, Europe, and Africa.<\/span><\/p><p><span style=\"font-weight: 400;\">A graduate of the prestigious Hochschule f\u00fcr Musik \u201cFranz Liszt\u201d in Weimar, Germany, under the guidance of the renowned tubist Walter Hilgers, Patricio became the first full professor of tuba in Argentina with a higher education degree. During his tenure as principal tubist of the National Symphony Orchestra of Argentina, he gained extensive orchestral experience alongside prominent conductors. Later, he directed his career exclusively toward solo performance, significantly expanding the repertoire and elevating the tuba\u2019s presence on the international music scene.<\/span><\/p><p><span style=\"font-weight: 400;\">A passionate advocate for Latin American music, Patricio has been a driving force behind the creation of original repertoire for tuba, collaborating directly with composers from the region. His dedication has resulted in the creation and world premieres of over 150 works by composers such as Roberto Pintos, Noelis Escalzo, Rafael Piccolotto de Lima, Gerardo Gardel\u00edn, Jorge Tagliapietra, Luis Rojas, Ignacio Freijo, and Yanella Bia, among others. His work has expanded the brass music landscape, solidifying the tuba as an instrument of artistic prominence and innovation.<\/span><\/p><p><span style=\"font-weight: 400;\">As an internationally renowned educator, Patricio is frequently invited to deliver masterclasses and workshops at prestigious institutions, including Yale University, New York University, Curtis Institute of Music, Carnegie Mellon University, Conservatoire \u00e0 Rayonnement R\u00e9gional de Paris, Hochschule f\u00fcr Musik W\u00fcrzburg, Privat Universit\u00e4t Linz, ESMUC, Universidad Nacional de Colombia, Conservatorio Superior de M\u00fasica \u201cManuel de Falla,\u201d and UNICAMP, among others. His contribution to the training of young musicians has elevated the technical and artistic standards of the instrument.<\/span><\/p><p><span style=\"font-weight: 400;\">In the recording field, Patricio has released critically acclaimed albums such as <\/span><i><span style=\"font-weight: 400;\">Sudam\u00e9rica Vibra<\/span><\/i><span style=\"font-weight: 400;\">, <\/span><i><span style=\"font-weight: 400;\">MOVE!<\/span><\/i><span style=\"font-weight: 400;\">, <\/span><i><span style=\"font-weight: 400;\">Viejos Aires<\/span><\/i><span style=\"font-weight: 400;\">, <\/span><i><span style=\"font-weight: 400;\">Just for Fun<\/span><\/i><span style=\"font-weight: 400;\">, <\/span><i><span style=\"font-weight: 400;\">Klangspuren<\/span><\/i><span style=\"font-weight: 400;\">, and <\/span><i><span style=\"font-weight: 400;\">Durchgang<\/span><\/i><span style=\"font-weight: 400;\">, showcasing his versatility as a performer and his constant pursuit of musical innovation. His work as a chamber musician is equally notable, as a member of the renowned Dispar Trio.<\/span><\/p><p><span style=\"font-weight: 400;\">Since 2015, Patricio has been an artist with Buffet Crampon, a global reference in brass instruments, using tubas from the prestigious brands Melton\/Meinl Weston, B&amp;S, and Besson, celebrated for their excellence and quality. As an ambassador of Latin American music for brass instruments, he has promoted the region\u2019s musical culture on the world\u2019s most prestigious stages.<\/span><\/p><p><span style=\"font-weight: 400;\">With a career marked by innovation, excellence, and a pioneering spirit, Patricio Cosentino has not only revolutionized the role of the tuba in the musical landscape but has also cemented his position as one of today\u2019s most influential artists, reaffirming the richness and value of Latin American music on the international stage.<\/span><\/p>\t\t\t\t\t\t\t\t<\/div>\n\t\t\t\t<\/div>\n\t\t\t\t\t<\/div>\n\t\t<\/div>\n\t\t\t\t<div class=\"elementor-column elementor-col-33 elementor-top-column elementor-element elementor-element-30327bd\" data-id=\"30327bd\" data-element_type=\"column\" data-e-type=\"column\">\n\t\t\t<div class=\"elementor-widget-wrap\">\n\t\t\t\t\t\t\t<\/div>\n\t\t<\/div>\n\t\t\t\t\t<\/div>\n\t\t<\/section>\n\t\t\t\t<section class=\"elementor-section elementor-top-section elementor-element elementor-element-16d1994 elementor-section-boxed elementor-section-height-default elementor-section-height-default wpr-particle-no wpr-jarallax-no wpr-parallax-no wpr-sticky-section-no\" data-id=\"16d1994\" data-element_type=\"section\" data-e-type=\"section\" data-settings=\"{&quot;background_background&quot;:&quot;classic&quot;}\">\n\t\t\t\t\t\t<div class=\"elementor-container elementor-column-gap-default\">\n\t\t\t\t\t<div class=\"elementor-column elementor-col-33 elementor-top-column elementor-element elementor-element-1f5b07e\" data-id=\"1f5b07e\" data-element_type=\"column\" data-e-type=\"column\">\n\t\t\t<div class=\"elementor-widget-wrap\">\n\t\t\t\t\t\t\t<\/div>\n\t\t<\/div>\n\t\t\t\t<div class=\"elementor-column elementor-col-33 elementor-top-column elementor-element elementor-element-6d5bfd5\" data-id=\"6d5bfd5\" data-element_type=\"column\" data-e-type=\"column\">\n\t\t\t<div class=\"elementor-widget-wrap elementor-element-populated\">\n\t\t\t\t\t\t<div class=\"elementor-element elementor-element-e173f15 elementor-widget-divider--view-line elementor-widget elementor-widget-divider\" data-id=\"e173f15\" data-element_type=\"widget\" data-e-type=\"widget\" data-widget_type=\"divider.default\">\n\t\t\t\t<div class=\"elementor-widget-container\">\n\t\t\t\t\t\t\t<div class=\"elementor-divider\">\n\t\t\t<span class=\"elementor-divider-separator\">\n\t\t\t\t\t\t<\/span>\n\t\t<\/div>\n\t\t\t\t\t\t<\/div>\n\t\t\t\t<\/div>\n\t\t\t\t\t<\/div>\n\t\t<\/div>\n\t\t\t\t<div class=\"elementor-column elementor-col-33 elementor-top-column elementor-element elementor-element-044c1b7\" data-id=\"044c1b7\" data-element_type=\"column\" data-e-type=\"column\">\n\t\t\t<div class=\"elementor-widget-wrap\">\n\t\t\t\t\t\t\t<\/div>\n\t\t<\/div>\n\t\t\t\t\t<\/div>\n\t\t<\/section>\n\t\t\t\t<section class=\"elementor-section elementor-top-section elementor-element elementor-element-832535e elementor-section-boxed elementor-section-height-default elementor-section-height-default wpr-particle-no wpr-jarallax-no wpr-parallax-no wpr-sticky-section-no\" data-id=\"832535e\" data-element_type=\"section\" data-e-type=\"section\" data-settings=\"{&quot;background_background&quot;:&quot;classic&quot;}\">\n\t\t\t\t\t\t<div class=\"elementor-container elementor-column-gap-default\">\n\t\t\t\t\t<div class=\"elementor-column elementor-col-33 elementor-top-column elementor-element elementor-element-746f2e3\" data-id=\"746f2e3\" data-element_type=\"column\" data-e-type=\"column\">\n\t\t\t<div class=\"elementor-widget-wrap\">\n\t\t\t\t\t\t\t<\/div>\n\t\t<\/div>\n\t\t\t\t<div class=\"elementor-column elementor-col-33 elementor-top-column elementor-element elementor-element-209269a\" data-id=\"209269a\" data-element_type=\"column\" data-e-type=\"column\">\n\t\t\t<div class=\"elementor-widget-wrap elementor-element-populated\">\n\t\t\t\t\t\t<div class=\"elementor-element elementor-element-7b10ab6 elementor-widget elementor-widget-video\" data-id=\"7b10ab6\" data-element_type=\"widget\" data-e-type=\"widget\" data-settings=\"{&quot;youtube_url&quot;:&quot;https:\\\/\\\/youtu.be\\\/e4xjksRxkuE&quot;,&quot;start&quot;:16,&quot;autoplay&quot;:&quot;yes&quot;,&quot;video_type&quot;:&quot;youtube&quot;,&quot;controls&quot;:&quot;yes&quot;}\" data-widget_type=\"video.default\">\n\t\t\t\t<div class=\"elementor-widget-container\">\n\t\t\t\t\t\t\t<div class=\"elementor-wrapper elementor-open-inline\">\n\t\t\t<div class=\"elementor-video\"><\/div>\t\t<\/div>\n\t\t\t\t\t\t<\/div>\n\t\t\t\t<\/div>\n\t\t\t\t\t<\/div>\n\t\t<\/div>\n\t\t\t\t<div class=\"elementor-column elementor-col-33 elementor-top-column elementor-element elementor-element-21f24e4\" data-id=\"21f24e4\" data-element_type=\"column\" data-e-type=\"column\">\n\t\t\t<div class=\"elementor-widget-wrap\">\n\t\t\t\t\t\t\t<\/div>\n\t\t<\/div>\n\t\t\t\t\t<\/div>\n\t\t<\/section>\n\t\t\t\t<section class=\"elementor-section elementor-top-section elementor-element elementor-element-bd8f97b elementor-section-boxed elementor-section-height-default elementor-section-height-default wpr-particle-no wpr-jarallax-no wpr-parallax-no wpr-sticky-section-no\" data-id=\"bd8f97b\" data-element_type=\"section\" data-e-type=\"section\" data-settings=\"{&quot;background_background&quot;:&quot;classic&quot;}\">\n\t\t\t\t\t\t<div class=\"elementor-container elementor-column-gap-default\">\n\t\t\t\t\t<div class=\"elementor-column elementor-col-100 elementor-top-column elementor-element elementor-element-89820c4\" data-id=\"89820c4\" data-element_type=\"column\" data-e-type=\"column\">\n\t\t\t<div class=\"elementor-widget-wrap elementor-element-populated\">\n\t\t\t\t\t\t<div class=\"elementor-element elementor-element-090b83d elementor-widget elementor-widget-spacer\" data-id=\"090b83d\" data-element_type=\"widget\" data-e-type=\"widget\" data-widget_type=\"spacer.default\">\n\t\t\t\t<div class=\"elementor-widget-container\">\n\t\t\t\t\t\t\t<div class=\"elementor-spacer\">\n\t\t\t<div class=\"elementor-spacer-inner\"><\/div>\n\t\t<\/div>\n\t\t\t\t\t\t<\/div>\n\t\t\t\t<\/div>\n\t\t\t\t<div class=\"elementor-element elementor-element-b205f9e wpr-stt-btn-align-fixed-left wpr-stt-btn-icon-top wpr-stt-btn-align-fixed elementor-widget elementor-widget-wpr-back-to-top\" data-id=\"b205f9e\" data-element_type=\"widget\" data-e-type=\"widget\" data-settings=\"{&quot;_animation&quot;:&quot;none&quot;}\" data-widget_type=\"wpr-back-to-top.default\">\n\t\t\t\t<div class=\"elementor-widget-container\">\n\t\t\t\t\t<div class=\"wpr-stt-wrapper\"><div class='wpr-stt-btn' data-settings='{&quot;animation&quot;:&quot;slide&quot;,&quot;animationOffset&quot;:&quot;0&quot;,&quot;animationDuration&quot;:&quot;200&quot;,&quot;fixed&quot;:&quot;fixed&quot;,&quot;scrolAnim&quot;:&quot;800&quot;}'><span class=\"wpr-stt-icon\"><i class=\"fas fa-chevron-up\"><\/i><\/span><div class=\"wpr-stt-content\">Top<\/div><\/div><\/div>\t\t\t\t<\/div>\n\t\t\t\t<\/div>\n\t\t\t\t\t<\/div>\n\t\t<\/div>\n\t\t\t\t\t<\/div>\n\t\t<\/section>\n\t\t\t\t<\/div>\n\t\t","protected":false},"excerpt":{"rendered":"<p>Patricio Cosentino stands out as the only tuba player in the American continent recognized internationally as a soloist. With a solid and multifaceted career as a chamber musician, conductor, and educator, his path reflects an unwavering commitment to the promotion of Latin American music and the expansion of the tuba repertoire on major stages across the Americas, Europe, and Africa. A graduate of the prestigious Hochschule f\u00fcr Musik \u201cFranz Liszt\u201d in Weimar, Germany, under the guidance of the renowned tubist Walter Hilgers, Patricio became the first full professor of tuba in Argentina with a higher education degree. During his tenure as principal tubist of the National Symphony Orchestra of Argentina, he gained extensive orchestral experience alongside prominent Latin American conductors. Later, he directed his career exclusively toward solo performance, significantly expanding the repertoire and elevating the tuba\u2019s presence on the international music scene. A passionate advocate for Latin American music, Patricio has been a driving force behind the creation of original repertoire for tuba, collaborating directly with composers from the region. His dedication has resulted in the creation and world premieres of over 150 works by composers such as Roberto Pintos, Noelis Escalzo, Rafael Piccolotto de Lima, Gerardo Gardel\u00edn, Jorge Tagliapietra, Luis Rojas, Ignacio Freijo, and Yanella Bia, among others. His work has redefined the brass music landscape, solidifying the tuba as an instrument of artistic prominence and innovation. As an internationally renowned educator, Patricio is frequently invited to deliver masterclasses and workshops at prestigious institutions, including Yale University, New York University, Curtis Institute of Music, Carnegie Mellon University, Conservatoire \u00e0 Rayonnement R\u00e9gional de Paris, Hochschule f\u00fcr Musik W\u00fcrzburg, Privat Universit\u00e4t Linz, ESMUC, Universidad Nacional de Colombia, Conservatorio Superior de M\u00fasica \u201cManuel de Falla,\u201d and UNICAMP, among others. His contribution to the training of young musicians has impacted generations, raising the technical and artistic standards of the instrument. In the recording field, Patricio has released critically acclaimed albums such as Sudam\u00e9rica Vibra, MOVE!, Viejos Aires, Just for Fun, Klangspuren, and Durchgang, showcasing his versatility as a performer and his constant pursuit of musical innovation. His work as a chamber musician is equally notable, as a member of the renowned Dispar Trio. Since 2015, Patricio has been an artist with Buffet Crampon, a global reference in brass instruments, using tubas from the prestigious brands Melton\/Meinl Weston, B&#038;S, and Besson, celebrated for their excellence and quality. As an ambassador of Latin American music for brass instruments, he has promoted the region\u2019s musical culture on the world\u2019s most prestigious stages. With a career marked by innovation, excellence, and a pioneering spirit, Patricio Cosentino has not only revolutionized the role of the tuba in the musical landscape but has also cemented his Top<\/p>\n","protected":false},"author":1,"featured_media":0,"parent":0,"menu_order":0,"comment_status":"closed","ping_status":"closed","template":"elementor_header_footer","meta":{"_joinchat":[],"footnotes":""},"class_list":["post-164","page","type-page","status-publish","hentry"],"jetpack_sharing_enabled":true,"_links":{"self":[{"href":"https:\/\/patriciocosentino.com\/de\/wp-json\/wp\/v2\/pages\/164","targetHints":{"allow":["GET"]}}],"collection":[{"href":"https:\/\/patriciocosentino.com\/de\/wp-json\/wp\/v2\/pages"}],"about":[{"href":"https:\/\/patriciocosentino.com\/de\/wp-json\/wp\/v2\/types\/page"}],"author":[{"embeddable":true,"href":"https:\/\/patriciocosentino.com\/de\/wp-json\/wp\/v2\/users\/1"}],"replies":[{"embeddable":true,"href":"https:\/\/patriciocosentino.com\/de\/wp-json\/wp\/v2\/comments?post=164"}],"version-history":[{"count":11,"href":"https:\/\/patriciocosentino.com\/de\/wp-json\/wp\/v2\/pages\/164\/revisions"}],"predecessor-version":[{"id":5666,"href":"https:\/\/patriciocosentino.com\/de\/wp-json\/wp\/v2\/pages\/164\/revisions\/5666"}],"wp:attachment":[{"href":"https:\/\/patriciocosentino.com\/de\/wp-json\/wp\/v2\/media?parent=164"}],"curies":[{"name":"wp","href":"https:\/\/api.w.org\/{rel}","templated":true}]}}